{"id":14,"date":"2018-08-31T20:19:40","date_gmt":"2018-08-31T18:19:40","guid":{"rendered":"http:\/\/abbayemoudon.ch\/?page_id=14"},"modified":"2024-05-16T18:28:59","modified_gmt":"2024-05-16T16:28:59","slug":"mesmerize","status":"publish","type":"page","link":"https:\/\/abbayemoudon.ch\/","title":{"rendered":"Front Page"},"content":{"rendered":"<div  data-label=\"Overlappable\" data-id=\"overlappable--1\" data-export-id=\"overlappable-4\" data-category=\"overlappable\" class=\"overlappable-4 content-section content-section-spacing\" data-overlap=\"true\" id=\"overlappable-1\" style=\"background-color: rgb(255, 255, 255); background-image: none;\"><div  class=\"gridContainer\"> <div  data-type=\"row\" class=\"row spaced-cols text-center content-left-sm start-sm\"> <div  class=\"col-xs-12 col-sm-4 col-padding col-md-4 \">  <div  data-type=\"column\" class=\"\">  <h2  class=\"\">Ve 23 ao\u00fbt 2024<\/h2><h4  class=\"\">Stand du Pr\u00e9 de Blonay<\/h4><p  class=\"lead\">17h-19h : Tirs<\/p><p  class=\"lead\"><span  style=\"font-size: 19.2px;\">D\u00e8s 19h : &nbsp;Bar et restauration par Aldo (Pasta Party<\/span>&nbsp;20.-)<\/p><div  class=\"\"><\/div><\/div> <\/div><div  class=\"col-xs-12 col-sm-4 col-padding col-md-4 \">  <div  data-type=\"column\" class=\"\"><h2  class=\"\">Sa 24 ao\u00fbt 2024<\/h2> <h4  class=\"\">Stand du Pr\u00e9 de Blonay<\/h4><p  class=\"lead\"><span  style=\"font-size: 19.2px;\">9h : Prise du drapeau<\/span><\/p><p  class=\"lead\">9h30-12h : Tirs<\/p><p  class=\"lead\">D\u00e8s 12h : Bar et Pizzas par Aldo (17.-)<\/p><p  class=\"lead\">14h \u2013 17h : Tirs + \n<br >Tir des jeunes (gratuit)&nbsp;<br >Ouvert aux jeunes n\u00e9s de 2008 \u00e0 2011<br >Renseignements aupr\u00e8s de Thierry Altherr (076 419 32 92)<\/p><p  class=\"lead\">D\u00e8s 18h : Ap\u00e9ro en musique avec La Concasseuse, suivie de DJ Stoyan\n<br >Entr\u00e9e libre<\/p><p  class=\"lead\">D\u00e8s 19h : Bar et restauration par Aldo\n<br >(r\u00f4ti \u00e0 la broche, gratin de pommes de terre et salade 25.-)\n<br >Un bon nominatif pour le repas sera offert aux membres-tireurs.<\/p><div  class=\"\"><\/div><div  class=\"\"><\/div><div  class=\"\"><\/div><div  class=\"\"><\/div><div  class=\"\"><\/div><div  class=\"\"><\/div><div  class=\"\"><\/div><\/div> <\/div> <div  class=\"col-xs-12 col-sm-4 col-padding col-md-4 \">  <div  data-type=\"column\" class=\"\"><h2  class=\"\">Di 25 ao\u00fbt 2024<\/h2><h4  class=\"\">Parvis de St-Etienne<\/h4> <h4  class=\"\"><div  style=\"font-size: 19.2px; font-weight: 300; letter-spacing: normal;\"><span ><div >10h30 : Remise des prix\n<\/div><div >11h : Couronnement des Roys<\/div><\/span><\/div><\/h4><h4  class=\"\">Caserne<\/h4><h3  class=\"\"><div  style=\"font-family: &quot;Open Sans&quot;, sans-serif; font-size: 19.2px; font-weight: 300;\">12h30 : Banquet et partie officielle<\/div><div  style=\"font-family: &quot;Open Sans&quot;, sans-serif; font-size: 19.2px; font-weight: 300;\">16h : Cort\u00e8ge et remise des drapeaux<\/div><\/h3><h4  class=\"\">Cour de la Caserne<\/h4><h4  class=\"\"><span  style=\"font-size: 19.2px; font-weight: 300; letter-spacing: normal;\">16h30 : Verr\u00e9e des Roys<\/span><\/h4><\/div> <\/div><\/div> <\/div><\/div><div  id=\"testimonials-5\" style=\"background-color: #ffffff;\" data-label=\"Testimonials\" data-id=\"testimonials-5\" data-export-id=\"testimonials-5\" data-category=\"testimonials\" class=\"testimonials-5 content-section content-section-spacing\"><div  class=\"gridContainer\"> <div  class=\"row\"><div  data-type=\"column\" class=\"section-title-col\"> <h2  class=\"\">L\u2019une des particularit\u00e9s de Moudon ? Une petite ville qui compte trois abbayes !<\/h2> <p  class=\"lead\">Trois abbayes signifient trois moments de l\u2019histoire du canton de Vaud c\u00e9l\u00e9br\u00e9s, une atmosph\u00e8re unique, quatre concours pour l\u2019obtention du titre de Roy du tir et un grand banquet !<\/p><\/div> <\/div> <div  class=\"row spaced-cols center-sm content-center-sm\" data-type=\"row\"> <div  class=\"col-sm-4 col-md-4 \"> <div  class=\"card y-move bordered\" data-type=\"column\">   <img  decoding=\"async\" src=\"http:\/\/abbayemoudon.ch\/wp-content\/uploads\/2018\/08\/Logo_AbCBV_400px.png\" class=\"round icon\" alt=\"\" title=\"Logo_AbCBV_400px\"> <h6  class=\"\">Abbaye du Cordon \n<br >Blanc et Vert<\/h6> <p  class=\"small italic\">Fond\u00e9e en 1807, elle marque l\u2019entr\u00e9e du canton de Vaud dans la Conf\u00e9d\u00e9ration.<\/p><\/div> <\/div>  <div  class=\"col-sm-4 col-md-4 \"> <div  class=\"card y-move bordered\" data-type=\"column\">   <img  decoding=\"async\" src=\"http:\/\/abbayemoudon.ch\/wp-content\/uploads\/2018\/08\/Logo_AbVol_400px.png\" class=\"round icon\" alt=\"\" title=\"Logo_AbVol_400px\"> <h6  class=\"\">Abbaye des Volontaires du district de Moudon<\/h6> <p  class=\"small italic\">Fond\u00e9e en 1848, elle c\u00e9l\u00e8bre l\u2019av\u00e8nement de la Suisse en tant qu\u2019\u00e9tat moderne.<\/p><\/div> <\/div><div  class=\"col-sm-4 col-md-4 \"> <div  class=\"card y-move bordered\" data-type=\"column\">   <a  data-cp-link=\"1\" href=\"#\" class=\"\"><img  decoding=\"async\" src=\"http:\/\/abbayemoudon.ch\/wp-content\/uploads\/2018\/08\/Logo_AbFBM_400px.png\" class=\"round icon\" alt=\"\" title=\"Logo_AbFBM_400px\"><\/a> <h6  class=\"\">Abbaye des Fusiliers de la Bourgoisie<\/h6> <p  class=\"small italic\">Fond\u00e9e en 1527, elle est la 2\u00e8me plus ancienne soci\u00e9t\u00e9 d\u2019abbaye du canton de Vaud<\/p><\/div> <\/div><\/div> <\/div><\/div><div  id=\"contact-1\" data-label=\"Contact\" data-id=\"contact-1\" data-export-id=\"contact-1\" data-category=\"contact\" class=\"contact-1 content-section content-section-spacing white-text\" data-parallax-depth=\"20\" style=\"background-size: cover; background-position: center top; background-image: url(&quot;http:\/\/abbayemoudon.ch\/wp-content\/uploads\/2018\/08\/honneur....jpg&quot;);\"><div  class=\"gridContainer\"> <div  class=\"row text-center\"><div  class=\"section-title-col\" data-type=\"column\"> <h2  class=\"\">Vous souhaitez participer \u00e0 la prochaine f\u00eate ?<\/h2> <p  class=\"lead\">Comme simple visiteur, curieux ou membre de l\u2019une de nos abbayes, contactez-nous !<\/p><\/div> <\/div> <div  class=\"row text-center\"> <div  class=\"col-xs-12 col-sm-8 col-sm-offset-2 contact-form-wrapper inline-info\"> <div  class=\"card large-padding\"> <div  class=\"\" data-content-shortcode=\"mesmerize_contact_form shortcode=&quot;wpforms id=&amp;amp;quot;64&amp;amp;quot; title=&amp;amp;quot;false&amp;amp;quot;&quot;\" data-editable=\"true\"><div class=\"wpforms-container wpforms-container-full\" id=\"wpforms-64\"><form id=\"wpforms-form-64\" class=\"wpforms-validate wpforms-form wpforms-ajax-form\" data-formid=\"64\" method=\"post\" enctype=\"multipart\/form-data\" action=\"\/index.php?rest_route=%2Fwp%2Fv2%2Fpages%2F14\" data-token=\"68011a052cd1be11fd878565699d0c24\" data-token-time=\"1776596688\"><noscript class=\"wpforms-error-noscript\">Veuillez activer JavaScript dans votre navigateur pour remplir ce formulaire.<\/noscript><div class=\"wpforms-field-container\"><div id=\"wpforms-64-field_0-container\" class=\"wpforms-field wpforms-field-name\" data-field-id=\"0\"><label class=\"wpforms-field-label\">Nom <span class=\"wpforms-required-label\">*<\/span><\/label><div class=\"wpforms-field-row wpforms-field-medium\"><div class=\"wpforms-field-row-block wpforms-first wpforms-one-half\"><input type=\"text\" id=\"wpforms-64-field_0\" class=\"wpforms-field-name-first wpforms-field-required\" name=\"wpforms[fields][0][first]\" required><label for=\"wpforms-64-field_0\" class=\"wpforms-field-sublabel after\">Pr\u00e9nom<\/label><\/div><div class=\"wpforms-field-row-block wpforms-one-half\"><input type=\"text\" id=\"wpforms-64-field_0-last\" class=\"wpforms-field-name-last wpforms-field-required\" name=\"wpforms[fields][0][last]\" required><label for=\"wpforms-64-field_0-last\" class=\"wpforms-field-sublabel after\">Nom<\/label><\/div><\/div><\/div><div id=\"wpforms-64-field_1-container\" class=\"wpforms-field wpforms-field-email\" data-field-id=\"1\"><label class=\"wpforms-field-label\" for=\"wpforms-64-field_1\">Email <span class=\"wpforms-required-label\">*<\/span><\/label><input type=\"email\" id=\"wpforms-64-field_1\" class=\"wpforms-field-medium wpforms-field-required\" name=\"wpforms[fields][1]\" spellcheck=\"false\" required><\/div><div id=\"wpforms-64-field_2-container\" class=\"wpforms-field wpforms-field-textarea\" data-field-id=\"2\"><label class=\"wpforms-field-label\" for=\"wpforms-64-field_2\">Message <span class=\"wpforms-required-label\">*<\/span><\/label><textarea id=\"wpforms-64-field_2\" class=\"wpforms-field-medium wpforms-field-required\" name=\"wpforms[fields][2]\" required><\/textarea><\/div><\/div><!-- .wpforms-field-container --><div class=\"wpforms-recaptcha-container wpforms-is-recaptcha wpforms-is-recaptcha-type-v3\" ><input type=\"hidden\" name=\"wpforms[recaptcha]\" value=\"\"><\/div><div class=\"wpforms-submit-container\" ><input type=\"hidden\" name=\"wpforms[id]\" value=\"64\"><input type=\"hidden\" name=\"page_title\" value=\"\"><input type=\"hidden\" name=\"page_url\" value=\"https:\/\/abbayemoudon.ch\/index.php?rest_route=\/wp\/v2\/pages\/14\"><input type=\"hidden\" name=\"url_referer\" value=\"\"><button type=\"submit\" name=\"wpforms[submit]\" id=\"wpforms-submit-64\" class=\"wpforms-submit\" data-alt-text=\"Envoi en cours...\" data-submit-text=\"Envoyer\" aria-live=\"assertive\" value=\"wpforms-submit\">Envoyer<\/button><img loading=\"lazy\" decoding=\"async\" src=\"https:\/\/abbayemoudon.ch\/wp-content\/plugins\/wpforms-lite\/assets\/images\/submit-spin.svg\" class=\"wpforms-submit-spinner\" style=\"display: none;\" width=\"26\" height=\"26\" alt=\"Chargement en cours\"><\/div><\/form><\/div>  <!-- .wpforms-container --><\/div><\/div> <\/div><\/div> <\/div><\/div>","protected":false},"excerpt":{"rendered":"<p>Ve 23 ao\u00fbt 2024Stand du Pr\u00e9 de Blonay17h-19h : TirsD\u00e8s 19h : &nbsp;Bar et restauration par Aldo (Pasta Party&nbsp;20.-) Sa 24 ao\u00fbt 2024 Stand du Pr\u00e9 de Blonay9h : Prise du drapeau9h30-12h : TirsD\u00e8s 12h : Bar et Pizzas par Aldo (17.-)14h \u2013 17h : Tirs + Tir des jeunes (gratuit)&nbsp;Ouvert aux jeunes n\u00e9s de&hellip; <br \/> <a class=\"read-more\" href=\"https:\/\/abbayemoudon.ch\/\">Lire la suite<\/a><\/p>\n","protected":false},"author":1,"featured_media":0,"parent":0,"menu_order":0,"comment_status":"closed","ping_status":"closed","template":"page-templates\/homepage.php","meta":{"footnotes":""},"class_list":["post-14","page","type-page","status-publish","hentry"],"_links":{"self":[{"href":"https:\/\/abbayemoudon.ch\/index.php?rest_route=\/wp\/v2\/pages\/14","targetHints":{"allow":["GET"]}}],"collection":[{"href":"https:\/\/abbayemoudon.ch\/index.php?rest_route=\/wp\/v2\/pages"}],"about":[{"href":"https:\/\/abbayemoudon.ch\/index.php?rest_route=\/wp\/v2\/types\/page"}],"author":[{"embeddable":true,"href":"https:\/\/abbayemoudon.ch\/index.php?rest_route=\/wp\/v2\/users\/1"}],"replies":[{"embeddable":true,"href":"https:\/\/abbayemoudon.ch\/index.php?rest_route=%2Fwp%2Fv2%2Fcomments&post=14"}],"version-history":[{"count":23,"href":"https:\/\/abbayemoudon.ch\/index.php?rest_route=\/wp\/v2\/pages\/14\/revisions"}],"predecessor-version":[{"id":96,"href":"https:\/\/abbayemoudon.ch\/index.php?rest_route=\/wp\/v2\/pages\/14\/revisions\/96"}],"wp:attachment":[{"href":"https:\/\/abbayemoudon.ch\/index.php?rest_route=%2Fwp%2Fv2%2Fmedia&parent=14"}],"curies":[{"name":"wp","href":"https:\/\/api.w.org\/{rel}","templated":true}]}}